{"id":24,"date":"2026-02-19T18:58:01","date_gmt":"2026-02-19T17:58:01","guid":{"rendered":"https:\/\/agrobio40.fr\/?page_id=24"},"modified":"2026-02-19T18:58:02","modified_gmt":"2026-02-19T17:58:02","slug":"qui-sommes-nous","status":"publish","type":"page","link":"http:\/\/agrobio40.fr\/index.php\/qui-sommes-nous\/","title":{"rendered":"Qui sommes-nous ?"},"content":{"rendered":"\n<p>Notre association<\/p>\n\n\n\n<p>L&#8217;Association Agriculture Biologique Landes regroupe des productrices et producteurs engag\u00e9s dans l&#8217;agriculture biologique sur l&#8217;ensemble du d\u00e9partement.<\/p>\n\n\n\n<p>Nos valeurs<\/p>\n\n\n\n<p>Agriculture biologique : Respect des cahiers des charges bio<br>Territorialit\u00e9 : Ancrage local et circuits courts<br>Partage : \u00c9change de pratiques entre producteurs<br>Innovation : Exp\u00e9rimentation et am\u00e9lioration continue<\/p>\n\n\n\n<p>Notre territoire<\/p>\n\n\n\n<p>Nous regroupons des agriculteurs biologiques sur l&#8217;ensemble du d\u00e9partement des Landes, dans des productions vari\u00e9es :<\/p>\n\n\n\n<ul class=\"wp-block-list\">\n<li>Mara\u00eechage biologique<\/li>\n\n\n\n<li>Grandes cultures (c\u00e9r\u00e9ales, ol\u00e9agineux)<\/li>\n\n\n\n<li>\u00c9levage (bovin, ovin, volaille)<\/li>\n\n\n\n<li>Arboriculture et viticulture<\/li>\n<\/ul>\n\n\n\n<p>Contact<\/p>\n\n\n\n<p>Email : contact@agrobio40.fr<br>Pour nous rejoindre, consultez notre page &#8220;Nous rejoindre&#8221;.<\/p>\n","protected":false},"excerpt":{"rendered":"<p>Notre association L&#8217;Association Agriculture Biologique Landes regroupe des productrices et producteurs engag\u00e9s dans l&#8217;agriculture biologique sur l&#8217;ensemble du d\u00e9partement. Nos valeurs Agriculture biologique : Respect des cahiers des charges bioTerritorialit\u00e9 : Ancrage local et circuits courtsPartage : \u00c9change de pratiques entre producteursInnovation : Exp\u00e9rimentation et am\u00e9lioration continue Notre territoire Nous regroupons des agriculteurs biologiques sur&#8230;<\/p>\n","protected":false},"author":1,"featured_media":0,"parent":0,"menu_order":0,"comment_status":"closed","ping_status":"closed","template":"","meta":{"_kad_post_transparent":"","_kad_post_title":"","_kad_post_layout":"","_kad_post_sidebar_id":"","_kad_post_content_style":"","_kad_post_vertical_padding":"","_kad_post_feature":"","_kad_post_feature_position":"","_kad_post_header":false,"_kad_post_footer":false,"_kad_post_classname":"","footnotes":""},"class_list":["post-24","page","type-page","status-publish","hentry"],"yoast_head":"<!-- This site is optimized with the Yoast SEO plugin v27.0 - https:\/\/yoast.com\/product\/yoast-seo-wordpress\/ -->\n<title>Qui sommes-nous ? - Site AGROBIO 40<\/title>\n<meta name=\"robots\" content=\"index, follow, max-snippet:-1, max-image-preview:large, max-video-preview:-1\" \/>\n<link rel=\"canonical\" href=\"http:\/\/agrobio40.fr\/index.php\/qui-sommes-nous\/\" \/>\n<meta property=\"og:locale\" content=\"fr_FR\" \/>\n<meta property=\"og:type\" content=\"article\" \/>\n<meta property=\"og:title\" content=\"Qui sommes-nous ? - Site AGROBIO 40\" \/>\n<meta property=\"og:description\" content=\"Notre association L&#8217;Association Agriculture Biologique Landes regroupe des productrices et producteurs engag\u00e9s dans l&#8217;agriculture biologique sur l&#8217;ensemble du d\u00e9partement. Nos valeurs Agriculture biologique : Respect des cahiers des charges bioTerritorialit\u00e9 : Ancrage local et circuits courtsPartage : \u00c9change de pratiques entre producteursInnovation : Exp\u00e9rimentation et am\u00e9lioration continue Notre territoire Nous regroupons des agriculteurs biologiques sur...\" \/>\n<meta property=\"og:url\" content=\"http:\/\/agrobio40.fr\/index.php\/qui-sommes-nous\/\" \/>\n<meta property=\"og:site_name\" content=\"Site AGROBIO 40\" \/>\n<meta property=\"article:modified_time\" content=\"2026-02-19T17:58:02+00:00\" \/>\n<meta name=\"twitter:card\" content=\"summary_large_image\" \/>\n<meta name=\"twitter:label1\" content=\"Dur\u00e9e de lecture estim\u00e9e\" \/>\n\t<meta name=\"twitter:data1\" content=\"1 minute\" \/>\n<script type=\"application\/ld+json\" class=\"yoast-schema-graph\">{\"@context\":\"https:\/\/schema.org\",\"@graph\":[{\"@type\":\"WebPage\",\"@id\":\"http:\/\/agrobio40.fr\/index.php\/qui-sommes-nous\/\",\"url\":\"http:\/\/agrobio40.fr\/index.php\/qui-sommes-nous\/\",\"name\":\"Qui sommes-nous ? - Site AGROBIO 40\",\"isPartOf\":{\"@id\":\"https:\/\/agrobio40.fr\/#website\"},\"datePublished\":\"2026-02-19T17:58:01+00:00\",\"dateModified\":\"2026-02-19T17:58:02+00:00\",\"breadcrumb\":{\"@id\":\"http:\/\/agrobio40.fr\/index.php\/qui-sommes-nous\/#breadcrumb\"},\"inLanguage\":\"fr-FR\",\"potentialAction\":[{\"@type\":\"ReadAction\",\"target\":[\"http:\/\/agrobio40.fr\/index.php\/qui-sommes-nous\/\"]}]},{\"@type\":\"BreadcrumbList\",\"@id\":\"http:\/\/agrobio40.fr\/index.php\/qui-sommes-nous\/#breadcrumb\",\"itemListElement\":[{\"@type\":\"ListItem\",\"position\":1,\"name\":\"Accueil\",\"item\":\"https:\/\/agrobio40.fr\/\"},{\"@type\":\"ListItem\",\"position\":2,\"name\":\"Qui sommes-nous ?\"}]},{\"@type\":\"WebSite\",\"@id\":\"https:\/\/agrobio40.fr\/#website\",\"url\":\"https:\/\/agrobio40.fr\/\",\"name\":\"Site AGROBIO 40\",\"description\":\"Agriculture biologique et circuits courts dans les Landes\",\"potentialAction\":[{\"@type\":\"SearchAction\",\"target\":{\"@type\":\"EntryPoint\",\"urlTemplate\":\"https:\/\/agrobio40.fr\/?s={search_term_string}\"},\"query-input\":{\"@type\":\"PropertyValueSpecification\",\"valueRequired\":true,\"valueName\":\"search_term_string\"}}],\"inLanguage\":\"fr-FR\"}]}<\/script>\n<!-- \/ Yoast SEO plugin. -->","yoast_head_json":{"title":"Qui sommes-nous ? - Site AGROBIO 40","robots":{"index":"index","follow":"follow","max-snippet":"max-snippet:-1","max-image-preview":"max-image-preview:large","max-video-preview":"max-video-preview:-1"},"canonical":"http:\/\/agrobio40.fr\/index.php\/qui-sommes-nous\/","og_locale":"fr_FR","og_type":"article","og_title":"Qui sommes-nous ? - Site AGROBIO 40","og_description":"Notre association L&#8217;Association Agriculture Biologique Landes regroupe des productrices et producteurs engag\u00e9s dans l&#8217;agriculture biologique sur l&#8217;ensemble du d\u00e9partement. Nos valeurs Agriculture biologique : Respect des cahiers des charges bioTerritorialit\u00e9 : Ancrage local et circuits courtsPartage : \u00c9change de pratiques entre producteursInnovation : Exp\u00e9rimentation et am\u00e9lioration continue Notre territoire Nous regroupons des agriculteurs biologiques sur...","og_url":"http:\/\/agrobio40.fr\/index.php\/qui-sommes-nous\/","og_site_name":"Site AGROBIO 40","article_modified_time":"2026-02-19T17:58:02+00:00","twitter_card":"summary_large_image","twitter_misc":{"Dur\u00e9e de lecture estim\u00e9e":"1 minute"},"schema":{"@context":"https:\/\/schema.org","@graph":[{"@type":"WebPage","@id":"http:\/\/agrobio40.fr\/index.php\/qui-sommes-nous\/","url":"http:\/\/agrobio40.fr\/index.php\/qui-sommes-nous\/","name":"Qui sommes-nous ? - Site AGROBIO 40","isPartOf":{"@id":"https:\/\/agrobio40.fr\/#website"},"datePublished":"2026-02-19T17:58:01+00:00","dateModified":"2026-02-19T17:58:02+00:00","breadcrumb":{"@id":"http:\/\/agrobio40.fr\/index.php\/qui-sommes-nous\/#breadcrumb"},"inLanguage":"fr-FR","potentialAction":[{"@type":"ReadAction","target":["http:\/\/agrobio40.fr\/index.php\/qui-sommes-nous\/"]}]},{"@type":"BreadcrumbList","@id":"http:\/\/agrobio40.fr\/index.php\/qui-sommes-nous\/#breadcrumb","itemListElement":[{"@type":"ListItem","position":1,"name":"Accueil","item":"https:\/\/agrobio40.fr\/"},{"@type":"ListItem","position":2,"name":"Qui sommes-nous ?"}]},{"@type":"WebSite","@id":"https:\/\/agrobio40.fr\/#website","url":"https:\/\/agrobio40.fr\/","name":"Site AGROBIO 40","description":"Agriculture biologique et circuits courts dans les Landes","potentialAction":[{"@type":"SearchAction","target":{"@type":"EntryPoint","urlTemplate":"https:\/\/agrobio40.fr\/?s={search_term_string}"},"query-input":{"@type":"PropertyValueSpecification","valueRequired":true,"valueName":"search_term_string"}}],"inLanguage":"fr-FR"}]}},"_links":{"self":[{"href":"http:\/\/agrobio40.fr\/index.php\/wp-json\/wp\/v2\/pages\/24","targetHints":{"allow":["GET"]}}],"collection":[{"href":"http:\/\/agrobio40.fr\/index.php\/wp-json\/wp\/v2\/pages"}],"about":[{"href":"http:\/\/agrobio40.fr\/index.php\/wp-json\/wp\/v2\/types\/page"}],"author":[{"embeddable":true,"href":"http:\/\/agrobio40.fr\/index.php\/wp-json\/wp\/v2\/users\/1"}],"replies":[{"embeddable":true,"href":"http:\/\/agrobio40.fr\/index.php\/wp-json\/wp\/v2\/comments?post=24"}],"version-history":[{"count":1,"href":"http:\/\/agrobio40.fr\/index.php\/wp-json\/wp\/v2\/pages\/24\/revisions"}],"predecessor-version":[{"id":25,"href":"http:\/\/agrobio40.fr\/index.php\/wp-json\/wp\/v2\/pages\/24\/revisions\/25"}],"wp:attachment":[{"href":"http:\/\/agrobio40.fr\/index.php\/wp-json\/wp\/v2\/media?parent=24"}],"curies":[{"name":"wp","href":"https:\/\/api.w.org\/{rel}","templated":true}]}}