{"id":32,"date":"2026-02-19T19:00:53","date_gmt":"2026-02-19T18:00:53","guid":{"rendered":"https:\/\/agrobio40.fr\/?page_id=32"},"modified":"2026-02-19T19:00:54","modified_gmt":"2026-02-19T18:00:54","slug":"nous-rejoindre","status":"publish","type":"page","link":"http:\/\/agrobio40.fr\/index.php\/nous-rejoindre\/","title":{"rendered":"Nous rejoindre"},"content":{"rendered":"\n<p>Devenez membre de l&#8217;Association<\/p>\n\n\n\n<p>Rejoingnez notre r\u00e9seau de producteurs biologiques !<\/p>\n\n\n\n<p>Les avantages<\/p>\n\n\n\n<ul class=\"wp-block-list\">\n<li>Acc\u00e8s aux ressources techniques r\u00e9serv\u00e9es aux membres<\/li>\n\n\n\n<li>Formations et ateliers<\/li>\n\n\n\n<li>\u00c9changes et entraide entre producteurs<\/li>\n\n\n\n<li>Visibilit\u00e9 sur notre cartographie interactive<\/li>\n\n\n\n<li>Newsletter mensuelle sp\u00e9cialis\u00e9e<\/li>\n\n\n\n<li>Participation aux \u00e9v\u00e9nements de l&#8217;association<\/li>\n<\/ul>\n\n\n\n<p>Types d&#8217;adh\u00e9sion<\/p>\n\n\n\n<ul class=\"wp-block-list\">\n<li>Adh\u00e9sion Producteur : R\u00e9serv\u00e9e aux agriculteurs en agriculture biologique ou en conversion<\/li>\n\n\n\n<li>Adh\u00e9sion Sympathisant : Ouverte \u00e0 tous les soutiens de l&#8217;agriculture biologique<\/li>\n<\/ul>\n\n\n\n<p>Comment adh\u00e9rer ?<\/p>\n\n\n\n<p>Contactez-nous par email \u00e0 contact@agrobio40.fr pour recevoir le bulletin d&#8217;adh\u00e9sion.<br>Vous pouvez \u00e9galement utiliser le formulaire de contact ci-dessous.<\/p>\n","protected":false},"excerpt":{"rendered":"<p>Devenez membre de l&#8217;Association Rejoingnez notre r\u00e9seau de producteurs biologiques ! Les avantages Types d&#8217;adh\u00e9sion Comment adh\u00e9rer ? Contactez-nous par email \u00e0 contact@agrobio40.fr pour recevoir le bulletin d&#8217;adh\u00e9sion.Vous pouvez \u00e9galement utiliser le formulaire de contact ci-dessous.<\/p>\n","protected":false},"author":1,"featured_media":0,"parent":0,"menu_order":0,"comment_status":"closed","ping_status":"closed","template":"","meta":{"_kad_post_transparent":"","_kad_post_title":"","_kad_post_layout":"","_kad_post_sidebar_id":"","_kad_post_content_style":"","_kad_post_vertical_padding":"","_kad_post_feature":"","_kad_post_feature_position":"","_kad_post_header":false,"_kad_post_footer":false,"_kad_post_classname":"","footnotes":""},"class_list":["post-32","page","type-page","status-publish","hentry"],"yoast_head":"<!-- This site is optimized with the Yoast SEO plugin v27.0 - https:\/\/yoast.com\/product\/yoast-seo-wordpress\/ -->\n<title>Nous rejoindre - Site AGROBIO 40<\/title>\n<meta name=\"robots\" content=\"index, follow, max-snippet:-1, max-image-preview:large, max-video-preview:-1\" \/>\n<link rel=\"canonical\" href=\"https:\/\/agrobio40.fr\/index.php\/nous-rejoindre\/\" \/>\n<meta property=\"og:locale\" content=\"fr_FR\" \/>\n<meta property=\"og:type\" content=\"article\" \/>\n<meta property=\"og:title\" content=\"Nous rejoindre - Site AGROBIO 40\" \/>\n<meta property=\"og:description\" content=\"Devenez membre de l&#8217;Association Rejoingnez notre r\u00e9seau de producteurs biologiques ! Les avantages Types d&#8217;adh\u00e9sion Comment adh\u00e9rer ? Contactez-nous par email \u00e0 contact@agrobio40.fr pour recevoir le bulletin d&#8217;adh\u00e9sion.Vous pouvez \u00e9galement utiliser le formulaire de contact ci-dessous.\" \/>\n<meta property=\"og:url\" content=\"https:\/\/agrobio40.fr\/index.php\/nous-rejoindre\/\" \/>\n<meta property=\"og:site_name\" content=\"Site AGROBIO 40\" \/>\n<meta property=\"article:modified_time\" content=\"2026-02-19T18:00:54+00:00\" \/>\n<meta name=\"twitter:card\" content=\"summary_large_image\" \/>\n<meta name=\"twitter:label1\" content=\"Dur\u00e9e de lecture estim\u00e9e\" \/>\n\t<meta name=\"twitter:data1\" content=\"1 minute\" \/>\n<script type=\"application\/ld+json\" class=\"yoast-schema-graph\">{\"@context\":\"https:\/\/schema.org\",\"@graph\":[{\"@type\":\"WebPage\",\"@id\":\"https:\/\/agrobio40.fr\/index.php\/nous-rejoindre\/\",\"url\":\"https:\/\/agrobio40.fr\/index.php\/nous-rejoindre\/\",\"name\":\"Nous rejoindre - Site AGROBIO 40\",\"isPartOf\":{\"@id\":\"http:\/\/agrobio40.fr\/#website\"},\"datePublished\":\"2026-02-19T18:00:53+00:00\",\"dateModified\":\"2026-02-19T18:00:54+00:00\",\"breadcrumb\":{\"@id\":\"https:\/\/agrobio40.fr\/index.php\/nous-rejoindre\/#breadcrumb\"},\"inLanguage\":\"fr-FR\",\"potentialAction\":[{\"@type\":\"ReadAction\",\"target\":[\"https:\/\/agrobio40.fr\/index.php\/nous-rejoindre\/\"]}]},{\"@type\":\"BreadcrumbList\",\"@id\":\"https:\/\/agrobio40.fr\/index.php\/nous-rejoindre\/#breadcrumb\",\"itemListElement\":[{\"@type\":\"ListItem\",\"position\":1,\"name\":\"Accueil\",\"item\":\"http:\/\/agrobio40.fr\/\"},{\"@type\":\"ListItem\",\"position\":2,\"name\":\"Nous rejoindre\"}]},{\"@type\":\"WebSite\",\"@id\":\"http:\/\/agrobio40.fr\/#website\",\"url\":\"http:\/\/agrobio40.fr\/\",\"name\":\"Site AGROBIO 40\",\"description\":\"Agriculture biologique et circuits courts dans les Landes\",\"potentialAction\":[{\"@type\":\"SearchAction\",\"target\":{\"@type\":\"EntryPoint\",\"urlTemplate\":\"http:\/\/agrobio40.fr\/?s={search_term_string}\"},\"query-input\":{\"@type\":\"PropertyValueSpecification\",\"valueRequired\":true,\"valueName\":\"search_term_string\"}}],\"inLanguage\":\"fr-FR\"}]}<\/script>\n<!-- \/ Yoast SEO plugin. -->","yoast_head_json":{"title":"Nous rejoindre - Site AGROBIO 40","robots":{"index":"index","follow":"follow","max-snippet":"max-snippet:-1","max-image-preview":"max-image-preview:large","max-video-preview":"max-video-preview:-1"},"canonical":"https:\/\/agrobio40.fr\/index.php\/nous-rejoindre\/","og_locale":"fr_FR","og_type":"article","og_title":"Nous rejoindre - Site AGROBIO 40","og_description":"Devenez membre de l&#8217;Association Rejoingnez notre r\u00e9seau de producteurs biologiques ! Les avantages Types d&#8217;adh\u00e9sion Comment adh\u00e9rer ? Contactez-nous par email \u00e0 contact@agrobio40.fr pour recevoir le bulletin d&#8217;adh\u00e9sion.Vous pouvez \u00e9galement utiliser le formulaire de contact ci-dessous.","og_url":"https:\/\/agrobio40.fr\/index.php\/nous-rejoindre\/","og_site_name":"Site AGROBIO 40","article_modified_time":"2026-02-19T18:00:54+00:00","twitter_card":"summary_large_image","twitter_misc":{"Dur\u00e9e de lecture estim\u00e9e":"1 minute"},"schema":{"@context":"https:\/\/schema.org","@graph":[{"@type":"WebPage","@id":"https:\/\/agrobio40.fr\/index.php\/nous-rejoindre\/","url":"https:\/\/agrobio40.fr\/index.php\/nous-rejoindre\/","name":"Nous rejoindre - Site AGROBIO 40","isPartOf":{"@id":"http:\/\/agrobio40.fr\/#website"},"datePublished":"2026-02-19T18:00:53+00:00","dateModified":"2026-02-19T18:00:54+00:00","breadcrumb":{"@id":"https:\/\/agrobio40.fr\/index.php\/nous-rejoindre\/#breadcrumb"},"inLanguage":"fr-FR","potentialAction":[{"@type":"ReadAction","target":["https:\/\/agrobio40.fr\/index.php\/nous-rejoindre\/"]}]},{"@type":"BreadcrumbList","@id":"https:\/\/agrobio40.fr\/index.php\/nous-rejoindre\/#breadcrumb","itemListElement":[{"@type":"ListItem","position":1,"name":"Accueil","item":"http:\/\/agrobio40.fr\/"},{"@type":"ListItem","position":2,"name":"Nous rejoindre"}]},{"@type":"WebSite","@id":"http:\/\/agrobio40.fr\/#website","url":"http:\/\/agrobio40.fr\/","name":"Site AGROBIO 40","description":"Agriculture biologique et circuits courts dans les Landes","potentialAction":[{"@type":"SearchAction","target":{"@type":"EntryPoint","urlTemplate":"http:\/\/agrobio40.fr\/?s={search_term_string}"},"query-input":{"@type":"PropertyValueSpecification","valueRequired":true,"valueName":"search_term_string"}}],"inLanguage":"fr-FR"}]}},"_links":{"self":[{"href":"http:\/\/agrobio40.fr\/index.php\/wp-json\/wp\/v2\/pages\/32","targetHints":{"allow":["GET"]}}],"collection":[{"href":"http:\/\/agrobio40.fr\/index.php\/wp-json\/wp\/v2\/pages"}],"about":[{"href":"http:\/\/agrobio40.fr\/index.php\/wp-json\/wp\/v2\/types\/page"}],"author":[{"embeddable":true,"href":"http:\/\/agrobio40.fr\/index.php\/wp-json\/wp\/v2\/users\/1"}],"replies":[{"embeddable":true,"href":"http:\/\/agrobio40.fr\/index.php\/wp-json\/wp\/v2\/comments?post=32"}],"version-history":[{"count":1,"href":"http:\/\/agrobio40.fr\/index.php\/wp-json\/wp\/v2\/pages\/32\/revisions"}],"predecessor-version":[{"id":33,"href":"http:\/\/agrobio40.fr\/index.php\/wp-json\/wp\/v2\/pages\/32\/revisions\/33"}],"wp:attachment":[{"href":"http:\/\/agrobio40.fr\/index.php\/wp-json\/wp\/v2\/media?parent=32"}],"curies":[{"name":"wp","href":"https:\/\/api.w.org\/{rel}","templated":true}]}}