{"id":34,"date":"2026-02-19T19:01:32","date_gmt":"2026-02-19T18:01:32","guid":{"rendered":"https:\/\/agrobio40.fr\/?page_id=34"},"modified":"2026-02-19T19:01:33","modified_gmt":"2026-02-19T18:01:33","slug":"contact","status":"publish","type":"page","link":"http:\/\/agrobio40.fr\/index.php\/contact\/","title":{"rendered":"Contact"},"content":{"rendered":"\n<p>Contactez-nous<\/p>\n\n\n\n<p>Nos coordonn\u00e9es<\/p>\n\n\n\n<p>Email : contact@agrobio40.fr<br>T\u00e9l\u00e9phone : \u00e0 compl\u00e9ter<\/p>\n\n\n\n<p>Horaires<\/p>\n\n\n\n<p>Nous sommes une association b\u00e9n\u00e9vole. Nous vous r\u00e9pondrons dans les meilleurs d\u00e9lais, g\u00e9n\u00e9ralement sous 48h.<\/p>\n\n\n\n<p>Formulaire de contact<\/p>\n\n\n\n<p>Utilisez le formulaire ci-dessous pour nous envoyer votre message. Nous vous r\u00e9pondrons au plus vite.<\/p>\n\n\n\n<p>Nom (obligatoire)<br>Email (obligatoire)<br>T\u00e9l\u00e9phone<br>Sujet<br>Message (obligatoire)<\/p>\n\n\n\n<p>Envoyer<\/p>\n","protected":false},"excerpt":{"rendered":"<p>Contactez-nous Nos coordonn\u00e9es Email : contact@agrobio40.frT\u00e9l\u00e9phone : \u00e0 compl\u00e9ter Horaires Nous sommes une association b\u00e9n\u00e9vole. Nous vous r\u00e9pondrons dans les meilleurs d\u00e9lais, g\u00e9n\u00e9ralement sous 48h. Formulaire de contact Utilisez le formulaire ci-dessous pour nous envoyer votre message. Nous vous r\u00e9pondrons au plus vite. Nom (obligatoire)Email (obligatoire)T\u00e9l\u00e9phoneSujetMessage (obligatoire) Envoyer<\/p>\n","protected":false},"author":1,"featured_media":0,"parent":0,"menu_order":0,"comment_status":"closed","ping_status":"closed","template":"","meta":{"_kad_post_transparent":"","_kad_post_title":"","_kad_post_layout":"","_kad_post_sidebar_id":"","_kad_post_content_style":"","_kad_post_vertical_padding":"","_kad_post_feature":"","_kad_post_feature_position":"","_kad_post_header":false,"_kad_post_footer":false,"_kad_post_classname":"","footnotes":""},"class_list":["post-34","page","type-page","status-publish","hentry"],"yoast_head":"<!-- This site is optimized with the Yoast SEO plugin v27.0 - https:\/\/yoast.com\/product\/yoast-seo-wordpress\/ -->\n<title>Contact - Site AGROBIO 40<\/title>\n<meta name=\"robots\" content=\"index, follow, max-snippet:-1, max-image-preview:large, max-video-preview:-1\" \/>\n<link rel=\"canonical\" href=\"https:\/\/agrobio40.fr\/index.php\/contact\/\" \/>\n<meta property=\"og:locale\" content=\"fr_FR\" \/>\n<meta property=\"og:type\" content=\"article\" \/>\n<meta property=\"og:title\" content=\"Contact - Site AGROBIO 40\" \/>\n<meta property=\"og:description\" content=\"Contactez-nous Nos coordonn\u00e9es Email : contact@agrobio40.frT\u00e9l\u00e9phone : \u00e0 compl\u00e9ter Horaires Nous sommes une association b\u00e9n\u00e9vole. Nous vous r\u00e9pondrons dans les meilleurs d\u00e9lais, g\u00e9n\u00e9ralement sous 48h. Formulaire de contact Utilisez le formulaire ci-dessous pour nous envoyer votre message. Nous vous r\u00e9pondrons au plus vite. Nom (obligatoire)Email (obligatoire)T\u00e9l\u00e9phoneSujetMessage (obligatoire) Envoyer\" \/>\n<meta property=\"og:url\" content=\"https:\/\/agrobio40.fr\/index.php\/contact\/\" \/>\n<meta property=\"og:site_name\" content=\"Site AGROBIO 40\" \/>\n<meta property=\"article:modified_time\" content=\"2026-02-19T18:01:33+00:00\" \/>\n<meta name=\"twitter:card\" content=\"summary_large_image\" \/>\n<meta name=\"twitter:label1\" content=\"Dur\u00e9e de lecture estim\u00e9e\" \/>\n\t<meta name=\"twitter:data1\" content=\"1 minute\" \/>\n<script type=\"application\/ld+json\" class=\"yoast-schema-graph\">{\"@context\":\"https:\/\/schema.org\",\"@graph\":[{\"@type\":\"WebPage\",\"@id\":\"https:\/\/agrobio40.fr\/index.php\/contact\/\",\"url\":\"https:\/\/agrobio40.fr\/index.php\/contact\/\",\"name\":\"Contact - Site AGROBIO 40\",\"isPartOf\":{\"@id\":\"http:\/\/agrobio40.fr\/#website\"},\"datePublished\":\"2026-02-19T18:01:32+00:00\",\"dateModified\":\"2026-02-19T18:01:33+00:00\",\"breadcrumb\":{\"@id\":\"https:\/\/agrobio40.fr\/index.php\/contact\/#breadcrumb\"},\"inLanguage\":\"fr-FR\",\"potentialAction\":[{\"@type\":\"ReadAction\",\"target\":[\"https:\/\/agrobio40.fr\/index.php\/contact\/\"]}]},{\"@type\":\"BreadcrumbList\",\"@id\":\"https:\/\/agrobio40.fr\/index.php\/contact\/#breadcrumb\",\"itemListElement\":[{\"@type\":\"ListItem\",\"position\":1,\"name\":\"Accueil\",\"item\":\"http:\/\/agrobio40.fr\/\"},{\"@type\":\"ListItem\",\"position\":2,\"name\":\"Contact\"}]},{\"@type\":\"WebSite\",\"@id\":\"http:\/\/agrobio40.fr\/#website\",\"url\":\"http:\/\/agrobio40.fr\/\",\"name\":\"Site AGROBIO 40\",\"description\":\"Agriculture biologique et circuits courts dans les Landes\",\"potentialAction\":[{\"@type\":\"SearchAction\",\"target\":{\"@type\":\"EntryPoint\",\"urlTemplate\":\"http:\/\/agrobio40.fr\/?s={search_term_string}\"},\"query-input\":{\"@type\":\"PropertyValueSpecification\",\"valueRequired\":true,\"valueName\":\"search_term_string\"}}],\"inLanguage\":\"fr-FR\"}]}<\/script>\n<!-- \/ Yoast SEO plugin. -->","yoast_head_json":{"title":"Contact - Site AGROBIO 40","robots":{"index":"index","follow":"follow","max-snippet":"max-snippet:-1","max-image-preview":"max-image-preview:large","max-video-preview":"max-video-preview:-1"},"canonical":"https:\/\/agrobio40.fr\/index.php\/contact\/","og_locale":"fr_FR","og_type":"article","og_title":"Contact - Site AGROBIO 40","og_description":"Contactez-nous Nos coordonn\u00e9es Email : contact@agrobio40.frT\u00e9l\u00e9phone : \u00e0 compl\u00e9ter Horaires Nous sommes une association b\u00e9n\u00e9vole. Nous vous r\u00e9pondrons dans les meilleurs d\u00e9lais, g\u00e9n\u00e9ralement sous 48h. Formulaire de contact Utilisez le formulaire ci-dessous pour nous envoyer votre message. Nous vous r\u00e9pondrons au plus vite. Nom (obligatoire)Email (obligatoire)T\u00e9l\u00e9phoneSujetMessage (obligatoire) Envoyer","og_url":"https:\/\/agrobio40.fr\/index.php\/contact\/","og_site_name":"Site AGROBIO 40","article_modified_time":"2026-02-19T18:01:33+00:00","twitter_card":"summary_large_image","twitter_misc":{"Dur\u00e9e de lecture estim\u00e9e":"1 minute"},"schema":{"@context":"https:\/\/schema.org","@graph":[{"@type":"WebPage","@id":"https:\/\/agrobio40.fr\/index.php\/contact\/","url":"https:\/\/agrobio40.fr\/index.php\/contact\/","name":"Contact - Site AGROBIO 40","isPartOf":{"@id":"http:\/\/agrobio40.fr\/#website"},"datePublished":"2026-02-19T18:01:32+00:00","dateModified":"2026-02-19T18:01:33+00:00","breadcrumb":{"@id":"https:\/\/agrobio40.fr\/index.php\/contact\/#breadcrumb"},"inLanguage":"fr-FR","potentialAction":[{"@type":"ReadAction","target":["https:\/\/agrobio40.fr\/index.php\/contact\/"]}]},{"@type":"BreadcrumbList","@id":"https:\/\/agrobio40.fr\/index.php\/contact\/#breadcrumb","itemListElement":[{"@type":"ListItem","position":1,"name":"Accueil","item":"http:\/\/agrobio40.fr\/"},{"@type":"ListItem","position":2,"name":"Contact"}]},{"@type":"WebSite","@id":"http:\/\/agrobio40.fr\/#website","url":"http:\/\/agrobio40.fr\/","name":"Site AGROBIO 40","description":"Agriculture biologique et circuits courts dans les Landes","potentialAction":[{"@type":"SearchAction","target":{"@type":"EntryPoint","urlTemplate":"http:\/\/agrobio40.fr\/?s={search_term_string}"},"query-input":{"@type":"PropertyValueSpecification","valueRequired":true,"valueName":"search_term_string"}}],"inLanguage":"fr-FR"}]}},"_links":{"self":[{"href":"http:\/\/agrobio40.fr\/index.php\/wp-json\/wp\/v2\/pages\/34","targetHints":{"allow":["GET"]}}],"collection":[{"href":"http:\/\/agrobio40.fr\/index.php\/wp-json\/wp\/v2\/pages"}],"about":[{"href":"http:\/\/agrobio40.fr\/index.php\/wp-json\/wp\/v2\/types\/page"}],"author":[{"embeddable":true,"href":"http:\/\/agrobio40.fr\/index.php\/wp-json\/wp\/v2\/users\/1"}],"replies":[{"embeddable":true,"href":"http:\/\/agrobio40.fr\/index.php\/wp-json\/wp\/v2\/comments?post=34"}],"version-history":[{"count":1,"href":"http:\/\/agrobio40.fr\/index.php\/wp-json\/wp\/v2\/pages\/34\/revisions"}],"predecessor-version":[{"id":35,"href":"http:\/\/agrobio40.fr\/index.php\/wp-json\/wp\/v2\/pages\/34\/revisions\/35"}],"wp:attachment":[{"href":"http:\/\/agrobio40.fr\/index.php\/wp-json\/wp\/v2\/media?parent=34"}],"curies":[{"name":"wp","href":"https:\/\/api.w.org\/{rel}","templated":true}]}}