{"id":36,"date":"2026-02-19T19:02:08","date_gmt":"2026-02-19T18:02:08","guid":{"rendered":"https:\/\/agrobio40.fr\/?page_id=36"},"modified":"2026-02-19T19:02:09","modified_gmt":"2026-02-19T18:02:09","slug":"mentions-legales","status":"publish","type":"page","link":"http:\/\/agrobio40.fr\/index.php\/mentions-legales\/","title":{"rendered":"Mentions l\u00e9gales"},"content":{"rendered":"\n<p>\u00c9diteur du site<\/p>\n\n\n\n<p>Association Agriculture Biologique Landes<br>Forme juridique : Association loi 1901<br>Si\u00e8ge social : \u00e0 compl\u00e9ter<br>Email : contact@agrobio40.fr<br>Directeur de publication : [Nom Pr\u00e9nom du pr\u00e9sident]<br>SIRET : \u00e0 compl\u00e9ter<\/p>\n\n\n\n<p>H\u00e9bergement<\/p>\n\n\n\n<p>OVH SAS<br>2 rue Kellermann<br>59100 Roubaix &#8211; France<br>T\u00e9l\u00e9phone : 1007<\/p>\n\n\n\n<p>Propri\u00e9t\u00e9 intellectuelle<\/p>\n\n\n\n<p>L&#8217;ensemble du contenu de ce site (textes, images, vid\u00e9os) est la propri\u00e9t\u00e9 de l&#8217;Association Agriculture Biologique Landes, sauf mention contraire.<\/p>\n\n\n\n<p>Donn\u00e9es personnelles<\/p>\n\n\n\n<p>Conform\u00e9ment au R\u00e8glement G\u00e9n\u00e9ral sur la Protection des Donn\u00e9es (RGPD), vous disposez d&#8217;un droit d&#8217;acc\u00e8s, de rectification, de suppression et d&#8217;opposition au traitement de vos donn\u00e9es personnelles.<\/p>\n\n\n\n<p>Les donn\u00e9es collect\u00e9es via les formulaires sont utilis\u00e9es uniquement pour r\u00e9pondre \u00e0 vos demandes et ne sont jamais transmises \u00e0 des tiers.<\/p>\n\n\n\n<p>Cookies<\/p>\n\n\n\n<p>Ce site utilise des cookies essentiels au fonctionnement technique (session, s\u00e9curit\u00e9). Aucun cookie publicitaire ou de tracking n&#8217;est utilis\u00e9.<\/p>\n\n\n\n<p>Cr\u00e9dits photos<\/p>\n\n\n\n<p>Photos : Unsplash (licence libre)<\/p>\n","protected":false},"excerpt":{"rendered":"<p>\u00c9diteur du site Association Agriculture Biologique LandesForme juridique : Association loi 1901Si\u00e8ge social : \u00e0 compl\u00e9terEmail : contact@agrobio40.frDirecteur de publication : [Nom Pr\u00e9nom du pr\u00e9sident]SIRET : \u00e0 compl\u00e9ter H\u00e9bergement OVH SAS2 rue Kellermann59100 Roubaix &#8211; FranceT\u00e9l\u00e9phone : 1007 Propri\u00e9t\u00e9 intellectuelle L&#8217;ensemble du contenu de ce site (textes, images, vid\u00e9os) est la propri\u00e9t\u00e9 de l&#8217;Association Agriculture&#8230;<\/p>\n","protected":false},"author":1,"featured_media":0,"parent":0,"menu_order":0,"comment_status":"closed","ping_status":"closed","template":"","meta":{"_kad_post_transparent":"","_kad_post_title":"","_kad_post_layout":"","_kad_post_sidebar_id":"","_kad_post_content_style":"","_kad_post_vertical_padding":"","_kad_post_feature":"","_kad_post_feature_position":"","_kad_post_header":false,"_kad_post_footer":false,"_kad_post_classname":"","footnotes":""},"class_list":["post-36","page","type-page","status-publish","hentry"],"yoast_head":"<!-- This site is optimized with the Yoast SEO plugin v27.0 - https:\/\/yoast.com\/product\/yoast-seo-wordpress\/ -->\n<title>Mentions l\u00e9gales - Site AGROBIO 40<\/title>\n<meta name=\"robots\" content=\"index, follow, max-snippet:-1, max-image-preview:large, max-video-preview:-1\" \/>\n<link rel=\"canonical\" href=\"http:\/\/agrobio40.fr\/index.php\/mentions-legales\/\" \/>\n<meta property=\"og:locale\" content=\"fr_FR\" \/>\n<meta property=\"og:type\" content=\"article\" \/>\n<meta property=\"og:title\" content=\"Mentions l\u00e9gales - Site AGROBIO 40\" \/>\n<meta property=\"og:description\" content=\"\u00c9diteur du site Association Agriculture Biologique LandesForme juridique : Association loi 1901Si\u00e8ge social : \u00e0 compl\u00e9terEmail : contact@agrobio40.frDirecteur de publication : [Nom Pr\u00e9nom du pr\u00e9sident]SIRET : \u00e0 compl\u00e9ter H\u00e9bergement OVH SAS2 rue Kellermann59100 Roubaix &#8211; FranceT\u00e9l\u00e9phone : 1007 Propri\u00e9t\u00e9 intellectuelle L&#8217;ensemble du contenu de ce site (textes, images, vid\u00e9os) est la propri\u00e9t\u00e9 de l&#8217;Association Agriculture...\" \/>\n<meta property=\"og:url\" content=\"http:\/\/agrobio40.fr\/index.php\/mentions-legales\/\" \/>\n<meta property=\"og:site_name\" content=\"Site AGROBIO 40\" \/>\n<meta property=\"article:modified_time\" content=\"2026-02-19T18:02:09+00:00\" \/>\n<meta name=\"twitter:card\" content=\"summary_large_image\" \/>\n<meta name=\"twitter:label1\" content=\"Dur\u00e9e de lecture estim\u00e9e\" \/>\n\t<meta name=\"twitter:data1\" content=\"1 minute\" \/>\n<script type=\"application\/ld+json\" class=\"yoast-schema-graph\">{\"@context\":\"https:\/\/schema.org\",\"@graph\":[{\"@type\":\"WebPage\",\"@id\":\"http:\/\/agrobio40.fr\/index.php\/mentions-legales\/\",\"url\":\"http:\/\/agrobio40.fr\/index.php\/mentions-legales\/\",\"name\":\"Mentions l\u00e9gales - Site AGROBIO 40\",\"isPartOf\":{\"@id\":\"https:\/\/agrobio40.fr\/#website\"},\"datePublished\":\"2026-02-19T18:02:08+00:00\",\"dateModified\":\"2026-02-19T18:02:09+00:00\",\"breadcrumb\":{\"@id\":\"http:\/\/agrobio40.fr\/index.php\/mentions-legales\/#breadcrumb\"},\"inLanguage\":\"fr-FR\",\"potentialAction\":[{\"@type\":\"ReadAction\",\"target\":[\"http:\/\/agrobio40.fr\/index.php\/mentions-legales\/\"]}]},{\"@type\":\"BreadcrumbList\",\"@id\":\"http:\/\/agrobio40.fr\/index.php\/mentions-legales\/#breadcrumb\",\"itemListElement\":[{\"@type\":\"ListItem\",\"position\":1,\"name\":\"Accueil\",\"item\":\"https:\/\/agrobio40.fr\/\"},{\"@type\":\"ListItem\",\"position\":2,\"name\":\"Mentions l\u00e9gales\"}]},{\"@type\":\"WebSite\",\"@id\":\"https:\/\/agrobio40.fr\/#website\",\"url\":\"https:\/\/agrobio40.fr\/\",\"name\":\"Site AGROBIO 40\",\"description\":\"Agriculture biologique et circuits courts dans les Landes\",\"potentialAction\":[{\"@type\":\"SearchAction\",\"target\":{\"@type\":\"EntryPoint\",\"urlTemplate\":\"https:\/\/agrobio40.fr\/?s={search_term_string}\"},\"query-input\":{\"@type\":\"PropertyValueSpecification\",\"valueRequired\":true,\"valueName\":\"search_term_string\"}}],\"inLanguage\":\"fr-FR\"}]}<\/script>\n<!-- \/ Yoast SEO plugin. -->","yoast_head_json":{"title":"Mentions l\u00e9gales - Site AGROBIO 40","robots":{"index":"index","follow":"follow","max-snippet":"max-snippet:-1","max-image-preview":"max-image-preview:large","max-video-preview":"max-video-preview:-1"},"canonical":"http:\/\/agrobio40.fr\/index.php\/mentions-legales\/","og_locale":"fr_FR","og_type":"article","og_title":"Mentions l\u00e9gales - Site AGROBIO 40","og_description":"\u00c9diteur du site Association Agriculture Biologique LandesForme juridique : Association loi 1901Si\u00e8ge social : \u00e0 compl\u00e9terEmail : contact@agrobio40.frDirecteur de publication : [Nom Pr\u00e9nom du pr\u00e9sident]SIRET : \u00e0 compl\u00e9ter H\u00e9bergement OVH SAS2 rue Kellermann59100 Roubaix &#8211; FranceT\u00e9l\u00e9phone : 1007 Propri\u00e9t\u00e9 intellectuelle L&#8217;ensemble du contenu de ce site (textes, images, vid\u00e9os) est la propri\u00e9t\u00e9 de l&#8217;Association Agriculture...","og_url":"http:\/\/agrobio40.fr\/index.php\/mentions-legales\/","og_site_name":"Site AGROBIO 40","article_modified_time":"2026-02-19T18:02:09+00:00","twitter_card":"summary_large_image","twitter_misc":{"Dur\u00e9e de lecture estim\u00e9e":"1 minute"},"schema":{"@context":"https:\/\/schema.org","@graph":[{"@type":"WebPage","@id":"http:\/\/agrobio40.fr\/index.php\/mentions-legales\/","url":"http:\/\/agrobio40.fr\/index.php\/mentions-legales\/","name":"Mentions l\u00e9gales - Site AGROBIO 40","isPartOf":{"@id":"https:\/\/agrobio40.fr\/#website"},"datePublished":"2026-02-19T18:02:08+00:00","dateModified":"2026-02-19T18:02:09+00:00","breadcrumb":{"@id":"http:\/\/agrobio40.fr\/index.php\/mentions-legales\/#breadcrumb"},"inLanguage":"fr-FR","potentialAction":[{"@type":"ReadAction","target":["http:\/\/agrobio40.fr\/index.php\/mentions-legales\/"]}]},{"@type":"BreadcrumbList","@id":"http:\/\/agrobio40.fr\/index.php\/mentions-legales\/#breadcrumb","itemListElement":[{"@type":"ListItem","position":1,"name":"Accueil","item":"https:\/\/agrobio40.fr\/"},{"@type":"ListItem","position":2,"name":"Mentions l\u00e9gales"}]},{"@type":"WebSite","@id":"https:\/\/agrobio40.fr\/#website","url":"https:\/\/agrobio40.fr\/","name":"Site AGROBIO 40","description":"Agriculture biologique et circuits courts dans les Landes","potentialAction":[{"@type":"SearchAction","target":{"@type":"EntryPoint","urlTemplate":"https:\/\/agrobio40.fr\/?s={search_term_string}"},"query-input":{"@type":"PropertyValueSpecification","valueRequired":true,"valueName":"search_term_string"}}],"inLanguage":"fr-FR"}]}},"_links":{"self":[{"href":"http:\/\/agrobio40.fr\/index.php\/wp-json\/wp\/v2\/pages\/36","targetHints":{"allow":["GET"]}}],"collection":[{"href":"http:\/\/agrobio40.fr\/index.php\/wp-json\/wp\/v2\/pages"}],"about":[{"href":"http:\/\/agrobio40.fr\/index.php\/wp-json\/wp\/v2\/types\/page"}],"author":[{"embeddable":true,"href":"http:\/\/agrobio40.fr\/index.php\/wp-json\/wp\/v2\/users\/1"}],"replies":[{"embeddable":true,"href":"http:\/\/agrobio40.fr\/index.php\/wp-json\/wp\/v2\/comments?post=36"}],"version-history":[{"count":2,"href":"http:\/\/agrobio40.fr\/index.php\/wp-json\/wp\/v2\/pages\/36\/revisions"}],"predecessor-version":[{"id":38,"href":"http:\/\/agrobio40.fr\/index.php\/wp-json\/wp\/v2\/pages\/36\/revisions\/38"}],"wp:attachment":[{"href":"http:\/\/agrobio40.fr\/index.php\/wp-json\/wp\/v2\/media?parent=36"}],"curies":[{"name":"wp","href":"https:\/\/api.w.org\/{rel}","templated":true}]}}