{"id":26,"date":"2026-02-19T18:59:15","date_gmt":"2026-02-19T17:59:15","guid":{"rendered":"https:\/\/agrobio40.fr\/?page_id=26"},"modified":"2026-02-19T18:59:15","modified_gmt":"2026-02-19T17:59:15","slug":"nos-agriculteurs","status":"publish","type":"page","link":"https:\/\/agrobio40.fr\/index.php\/nos-agriculteurs\/","title":{"rendered":"Nos agriculteurs"},"content":{"rendered":"\n<p>D\u00e9couvrez les producteurs bio des Landes<\/p>\n\n\n\n<p>Notre association regroupe des productrices et producteurs engag\u00e9s dans l&#8217;agriculture biologique : mara\u00eechers, c\u00e9r\u00e9aliers, \u00e9leveurs, arboriculteurs\u2026<\/p>\n\n\n\n<p>Cartographie interactive<\/p>\n\n\n\n<p>La cartographie interactive de nos membres sera bient\u00f4t disponible. Elle vous permettra de localiser les fermes bio du d\u00e9partement et d\u00e9couvrir leurs productions.<\/p>\n\n\n\n<p>Nos productions<\/p>\n\n\n\n<p>Notre r\u00e9seau rassemble une grande diversit\u00e9 de productions biologiques :<\/p>\n\n\n\n<ul class=\"wp-block-list\">\n<li>Mara\u00eechage : L\u00e9gumes de saison, plantes aromatiques, plants<\/li>\n\n\n\n<li>Grandes cultures : C\u00e9r\u00e9ales (bl\u00e9, ma\u00efs), ol\u00e9agineux (tournesol, colza), l\u00e9gumineuses<\/li>\n\n\n\n<li>\u00c9levage : Viande bovine, ovine, volaille, \u0153ufs, produits laitiers<\/li>\n\n\n\n<li>Arboriculture : Fruits, kiwis, vins<\/li>\n<\/ul>\n","protected":false},"excerpt":{"rendered":"<p>D\u00e9couvrez les producteurs bio des Landes Notre association regroupe des productrices et producteurs engag\u00e9s dans l&#8217;agriculture biologique : mara\u00eechers, c\u00e9r\u00e9aliers, \u00e9leveurs, arboriculteurs\u2026 Cartographie interactive La cartographie interactive de nos membres sera bient\u00f4t disponible. Elle vous permettra de localiser les fermes bio du d\u00e9partement et d\u00e9couvrir leurs productions. Nos productions Notre r\u00e9seau rassemble une grande diversit\u00e9&#8230;<\/p>\n","protected":false},"author":1,"featured_media":0,"parent":0,"menu_order":0,"comment_status":"closed","ping_status":"closed","template":"","meta":{"_kad_post_transparent":"","_kad_post_title":"","_kad_post_layout":"","_kad_post_sidebar_id":"","_kad_post_content_style":"","_kad_post_vertical_padding":"","_kad_post_feature":"","_kad_post_feature_position":"","_kad_post_header":false,"_kad_post_footer":false,"_kad_post_classname":"","footnotes":""},"class_list":["post-26","page","type-page","status-publish","hentry"],"yoast_head":"<!-- This site is optimized with the Yoast SEO plugin v27.0 - https:\/\/yoast.com\/product\/yoast-seo-wordpress\/ -->\n<title>Nos agriculteurs - Site AGROBIO 40<\/title>\n<meta name=\"robots\" content=\"index, follow, max-snippet:-1, max-image-preview:large, max-video-preview:-1\" \/>\n<link rel=\"canonical\" href=\"https:\/\/agrobio40.fr\/index.php\/nos-agriculteurs\/\" \/>\n<meta property=\"og:locale\" content=\"fr_FR\" \/>\n<meta property=\"og:type\" content=\"article\" \/>\n<meta property=\"og:title\" content=\"Nos agriculteurs - Site AGROBIO 40\" \/>\n<meta property=\"og:description\" content=\"D\u00e9couvrez les producteurs bio des Landes Notre association regroupe des productrices et producteurs engag\u00e9s dans l&#8217;agriculture biologique : mara\u00eechers, c\u00e9r\u00e9aliers, \u00e9leveurs, arboriculteurs\u2026 Cartographie interactive La cartographie interactive de nos membres sera bient\u00f4t disponible. Elle vous permettra de localiser les fermes bio du d\u00e9partement et d\u00e9couvrir leurs productions. Nos productions Notre r\u00e9seau rassemble une grande diversit\u00e9...\" \/>\n<meta property=\"og:url\" content=\"https:\/\/agrobio40.fr\/index.php\/nos-agriculteurs\/\" \/>\n<meta property=\"og:site_name\" content=\"Site AGROBIO 40\" \/>\n<meta name=\"twitter:card\" content=\"summary_large_image\" \/>\n<meta name=\"twitter:label1\" content=\"Dur\u00e9e de lecture estim\u00e9e\" \/>\n\t<meta name=\"twitter:data1\" content=\"1 minute\" \/>\n<script type=\"application\/ld+json\" class=\"yoast-schema-graph\">{\"@context\":\"https:\/\/schema.org\",\"@graph\":[{\"@type\":\"WebPage\",\"@id\":\"https:\/\/agrobio40.fr\/index.php\/nos-agriculteurs\/\",\"url\":\"https:\/\/agrobio40.fr\/index.php\/nos-agriculteurs\/\",\"name\":\"Nos agriculteurs - Site AGROBIO 40\",\"isPartOf\":{\"@id\":\"http:\/\/agrobio40.fr\/#website\"},\"datePublished\":\"2026-02-19T17:59:15+00:00\",\"breadcrumb\":{\"@id\":\"https:\/\/agrobio40.fr\/index.php\/nos-agriculteurs\/#breadcrumb\"},\"inLanguage\":\"fr-FR\",\"potentialAction\":[{\"@type\":\"ReadAction\",\"target\":[\"https:\/\/agrobio40.fr\/index.php\/nos-agriculteurs\/\"]}]},{\"@type\":\"BreadcrumbList\",\"@id\":\"https:\/\/agrobio40.fr\/index.php\/nos-agriculteurs\/#breadcrumb\",\"itemListElement\":[{\"@type\":\"ListItem\",\"position\":1,\"name\":\"Accueil\",\"item\":\"http:\/\/agrobio40.fr\/\"},{\"@type\":\"ListItem\",\"position\":2,\"name\":\"Nos agriculteurs\"}]},{\"@type\":\"WebSite\",\"@id\":\"http:\/\/agrobio40.fr\/#website\",\"url\":\"http:\/\/agrobio40.fr\/\",\"name\":\"Site AGROBIO 40\",\"description\":\"Agriculture biologique et circuits courts dans les Landes\",\"potentialAction\":[{\"@type\":\"SearchAction\",\"target\":{\"@type\":\"EntryPoint\",\"urlTemplate\":\"http:\/\/agrobio40.fr\/?s={search_term_string}\"},\"query-input\":{\"@type\":\"PropertyValueSpecification\",\"valueRequired\":true,\"valueName\":\"search_term_string\"}}],\"inLanguage\":\"fr-FR\"}]}<\/script>\n<!-- \/ Yoast SEO plugin. -->","yoast_head_json":{"title":"Nos agriculteurs - Site AGROBIO 40","robots":{"index":"index","follow":"follow","max-snippet":"max-snippet:-1","max-image-preview":"max-image-preview:large","max-video-preview":"max-video-preview:-1"},"canonical":"https:\/\/agrobio40.fr\/index.php\/nos-agriculteurs\/","og_locale":"fr_FR","og_type":"article","og_title":"Nos agriculteurs - Site AGROBIO 40","og_description":"D\u00e9couvrez les producteurs bio des Landes Notre association regroupe des productrices et producteurs engag\u00e9s dans l&#8217;agriculture biologique : mara\u00eechers, c\u00e9r\u00e9aliers, \u00e9leveurs, arboriculteurs\u2026 Cartographie interactive La cartographie interactive de nos membres sera bient\u00f4t disponible. Elle vous permettra de localiser les fermes bio du d\u00e9partement et d\u00e9couvrir leurs productions. Nos productions Notre r\u00e9seau rassemble une grande diversit\u00e9...","og_url":"https:\/\/agrobio40.fr\/index.php\/nos-agriculteurs\/","og_site_name":"Site AGROBIO 40","twitter_card":"summary_large_image","twitter_misc":{"Dur\u00e9e de lecture estim\u00e9e":"1 minute"},"schema":{"@context":"https:\/\/schema.org","@graph":[{"@type":"WebPage","@id":"https:\/\/agrobio40.fr\/index.php\/nos-agriculteurs\/","url":"https:\/\/agrobio40.fr\/index.php\/nos-agriculteurs\/","name":"Nos agriculteurs - Site AGROBIO 40","isPartOf":{"@id":"http:\/\/agrobio40.fr\/#website"},"datePublished":"2026-02-19T17:59:15+00:00","breadcrumb":{"@id":"https:\/\/agrobio40.fr\/index.php\/nos-agriculteurs\/#breadcrumb"},"inLanguage":"fr-FR","potentialAction":[{"@type":"ReadAction","target":["https:\/\/agrobio40.fr\/index.php\/nos-agriculteurs\/"]}]},{"@type":"BreadcrumbList","@id":"https:\/\/agrobio40.fr\/index.php\/nos-agriculteurs\/#breadcrumb","itemListElement":[{"@type":"ListItem","position":1,"name":"Accueil","item":"http:\/\/agrobio40.fr\/"},{"@type":"ListItem","position":2,"name":"Nos agriculteurs"}]},{"@type":"WebSite","@id":"http:\/\/agrobio40.fr\/#website","url":"http:\/\/agrobio40.fr\/","name":"Site AGROBIO 40","description":"Agriculture biologique et circuits courts dans les Landes","potentialAction":[{"@type":"SearchAction","target":{"@type":"EntryPoint","urlTemplate":"http:\/\/agrobio40.fr\/?s={search_term_string}"},"query-input":{"@type":"PropertyValueSpecification","valueRequired":true,"valueName":"search_term_string"}}],"inLanguage":"fr-FR"}]}},"_links":{"self":[{"href":"https:\/\/agrobio40.fr\/index.php\/wp-json\/wp\/v2\/pages\/26","targetHints":{"allow":["GET"]}}],"collection":[{"href":"https:\/\/agrobio40.fr\/index.php\/wp-json\/wp\/v2\/pages"}],"about":[{"href":"https:\/\/agrobio40.fr\/index.php\/wp-json\/wp\/v2\/types\/page"}],"author":[{"embeddable":true,"href":"https:\/\/agrobio40.fr\/index.php\/wp-json\/wp\/v2\/users\/1"}],"replies":[{"embeddable":true,"href":"https:\/\/agrobio40.fr\/index.php\/wp-json\/wp\/v2\/comments?post=26"}],"version-history":[{"count":1,"href":"https:\/\/agrobio40.fr\/index.php\/wp-json\/wp\/v2\/pages\/26\/revisions"}],"predecessor-version":[{"id":27,"href":"https:\/\/agrobio40.fr\/index.php\/wp-json\/wp\/v2\/pages\/26\/revisions\/27"}],"wp:attachment":[{"href":"https:\/\/agrobio40.fr\/index.php\/wp-json\/wp\/v2\/media?parent=26"}],"curies":[{"name":"wp","href":"https:\/\/api.w.org\/{rel}","templated":true}]}}